{"id":32091,"date":"2025-09-23T12:45:04","date_gmt":"2025-09-23T12:45:04","guid":{"rendered":"https:\/\/azzoraa.com\/?post_type=product&#038;p=32091"},"modified":"2025-10-09T01:54:01","modified_gmt":"2025-10-09T01:54:01","slug":"havit-audio-series-bluetooth-speaker-blk","status":"publish","type":"product","link":"https:\/\/azzoraa.com\/ar\/product\/havit-audio-series-bluetooth-speaker-blk\/","title":{"rendered":"\u0633\u0644\u0633\u0644\u0629 \u0647\u0627\u0641\u064a\u062a \u0644\u0644\u0635\u0648\u062a\u064a\u0627\u062a - \u0645\u0643\u0628\u0631 \u0635\u0648\u062a \u0628\u0644\u0648\u062a\u0648\u062b \u0628\u0644\u0648\u0643"},"content":{"rendered":"<p>Parlante Bluetooth 5.3 Tws Con Dos Micr\u00f3fonos Inal\u00e1mbricos Y Luces Rgb.<br \/>\nPuertos Usb, Microsd Y Auxiliar.<br \/>\nBater\u00eda Recargable De 2400Mah.<br \/>\nSalida: 15W.<br \/>\nDimensiones: 175*143*162Mm<\/p>\n<p><a href=\"https:\/\/azzoraa.com\/wp-content\/uploads\/2025\/09\/H7f491cd9fd4c4caea68abfc70e6ef3ccK.jpg\"><img fetchpriority=\"high\" decoding=\"async\" class=\"aligncenter size-full wp-image-34575\" src=\"https:\/\/azzoraa.com\/wp-content\/uploads\/2025\/09\/H7f491cd9fd4c4caea68abfc70e6ef3ccK.jpg\" alt=\"\" width=\"1024\" height=\"1024\" srcset=\"https:\/\/azzoraa.com\/wp-content\/uploads\/2025\/09\/H7f491cd9fd4c4caea68abfc70e6ef3ccK.jpg 1024w, https:\/\/azzoraa.com\/wp-content\/uploads\/2025\/09\/H7f491cd9fd4c4caea68abfc70e6ef3ccK-300x300.jpg 300w, https:\/\/azzoraa.com\/wp-content\/uploads\/2025\/09\/H7f491cd9fd4c4caea68abfc70e6ef3ccK-800x800.jpg 800w, https:\/\/azzoraa.com\/wp-content\/uploads\/2025\/09\/H7f491cd9fd4c4caea68abfc70e6ef3ccK-150x150.jpg 150w, https:\/\/azzoraa.com\/wp-content\/uploads\/2025\/09\/H7f491cd9fd4c4caea68abfc70e6ef3ccK-768x768.jpg 768w, https:\/\/azzoraa.com\/wp-content\/uploads\/2025\/09\/H7f491cd9fd4c4caea68abfc70e6ef3ccK-12x12.jpg 12w, https:\/\/azzoraa.com\/wp-content\/uploads\/2025\/09\/H7f491cd9fd4c4caea68abfc70e6ef3ccK-600x600.jpg 600w, https:\/\/azzoraa.com\/wp-content\/uploads\/2025\/09\/H7f491cd9fd4c4caea68abfc70e6ef3ccK-175x175.jpg 175w\" sizes=\"(max-width: 1024px) 100vw, 1024px\" \/><\/a><\/p>\n<p>&nbsp;<\/p>","protected":false},"excerpt":{"rendered":"<p>Parlante Bluetooth 5.3 Tws Con Dos Micr\u00f3fonos Inal\u00e1mbricos Y Luces Rgb. Puertos Usb, Microsd Y Auxiliar. Bater\u00eda Recargable De 2400Mah.<\/p>","protected":false},"featured_media":32239,"comment_status":"open","ping_status":"closed","template":"","meta":[],"product_brand":[474],"product_cat":[428,465],"product_tag":[],"class_list":{"0":"post-32091","1":"product","2":"type-product","3":"status-publish","4":"has-post-thumbnail","6":"product_brand-havit","7":"product_cat-gym-sports","8":"product_cat-speaker","10":"first","11":"instock","12":"shipping-taxable","13":"purchasable","14":"product-type-simple"},"df_price":14.9,"df_sale_price":"","df_regular_price":14.9,"df_image_link":"https:\/\/azzoraa.com\/wp-content\/uploads\/2025\/09\/medium_1731571374-300x300.jpg","_links":{"self":[{"href":"https:\/\/azzoraa.com\/ar\/wp-json\/wp\/v2\/product\/32091","targetHints":{"allow":["GET"]}}],"collection":[{"href":"https:\/\/azzoraa.com\/ar\/wp-json\/wp\/v2\/product"}],"about":[{"href":"https:\/\/azzoraa.com\/ar\/wp-json\/wp\/v2\/types\/product"}],"replies":[{"embeddable":true,"href":"https:\/\/azzoraa.com\/ar\/wp-json\/wp\/v2\/comments?post=32091"}],"version-history":[{"count":3,"href":"https:\/\/azzoraa.com\/ar\/wp-json\/wp\/v2\/product\/32091\/revisions"}],"predecessor-version":[{"id":34577,"href":"https:\/\/azzoraa.com\/ar\/wp-json\/wp\/v2\/product\/32091\/revisions\/34577"}],"wp:featuredmedia":[{"embeddable":true,"href":"https:\/\/azzoraa.com\/ar\/wp-json\/wp\/v2\/media\/32239"}],"wp:attachment":[{"href":"https:\/\/azzoraa.com\/ar\/wp-json\/wp\/v2\/media?parent=32091"}],"wp:term":[{"taxonomy":"product_brand","embeddable":true,"href":"https:\/\/azzoraa.com\/ar\/wp-json\/wp\/v2\/product_brand?post=32091"},{"taxonomy":"product_cat","embeddable":true,"href":"https:\/\/azzoraa.com\/ar\/wp-json\/wp\/v2\/product_cat?post=32091"},{"taxonomy":"product_tag","embeddable":true,"href":"https:\/\/azzoraa.com\/ar\/wp-json\/wp\/v2\/product_tag?post=32091"}],"curies":[{"name":"wp","href":"https:\/\/api.w.org\/{rel}","templated":true}]}}